{"id":1241,"date":"2026-02-13T14:59:26","date_gmt":"2026-02-13T14:59:26","guid":{"rendered":"https:\/\/cmolivera.com\/wordpress\/laboratorio-2\/"},"modified":"2026-04-29T03:14:31","modified_gmt":"2026-04-29T03:14:31","slug":"laboratorio","status":"publish","type":"page","link":"https:\/\/cmolivera.com\/wordpress\/laboratorio\/","title":{"rendered":"Laboratorio"},"content":{"rendered":"\t\t<div data-elementor-type=\"wp-page\" data-elementor-id=\"1241\" class=\"elementor elementor-1241\" data-elementor-post-type=\"page\">\n\t\t\t\t<div class=\"elementor-element elementor-element-66e1e541 e-flex e-con-boxed e-con e-parent\" data-id=\"66e1e541\" data-element_type=\"container\" data-e-type=\"container\" data-settings=\"{&quot;background_background&quot;:&quot;classic&quot;}\">\n\t\t\t\t\t<div class=\"e-con-inner\">\n\t\t\t\t<div class=\"elementor-element elementor-element-477789d7 elementor-invisible elementor-widget elementor-widget-heading\" data-id=\"477789d7\" data-element_type=\"widget\" data-e-type=\"widget\" data-settings=\"{&quot;_animation&quot;:&quot;fadeIn&quot;}\" data-widget_type=\"heading.default\">\n\t\t\t\t\t<h2 class=\"elementor-heading-title elementor-size-default\">Laboratorio<\/h2>\t\t\t\t<\/div>\n\t\t<div class=\"elementor-element elementor-element-7bf258d1 e-con-full e-flex elementor-invisible e-con e-child\" data-id=\"7bf258d1\" data-element_type=\"container\" data-e-type=\"container\" data-settings=\"{&quot;background_background&quot;:&quot;classic&quot;,&quot;animation&quot;:&quot;fadeIn&quot;,&quot;animation_delay&quot;:400}\">\n\t\t\t\t<div class=\"elementor-element elementor-element-3086a666 elementor-widget-divider--view-line elementor-widget elementor-widget-divider\" data-id=\"3086a666\" data-element_type=\"widget\" data-e-type=\"widget\" data-widget_type=\"divider.default\">\n\t\t\t\t\t\t\t<div class=\"elementor-divider\">\n\t\t\t<span class=\"elementor-divider-separator\">\n\t\t\t\t\t\t<\/span>\n\t\t<\/div>\n\t\t\t\t\t\t<\/div>\n\t\t\t\t<\/div>\n\t\t\t\t\t<\/div>\n\t\t\t\t<\/div>\n\t\t<div class=\"elementor-element elementor-element-4e2a41eb e-flex e-con-boxed e-con e-parent\" data-id=\"4e2a41eb\" data-element_type=\"container\" data-e-type=\"container\" data-settings=\"{&quot;background_background&quot;:&quot;classic&quot;}\">\n\t\t\t\t\t<div class=\"e-con-inner\">\n\t\t<div class=\"elementor-element elementor-element-1aaa9c00 e-con-full e-flex e-con e-child\" data-id=\"1aaa9c00\" data-element_type=\"container\" data-e-type=\"container\">\n\t\t<div class=\"elementor-element elementor-element-704457e7 e-con-full e-flex e-con e-child\" data-id=\"704457e7\" data-element_type=\"container\" data-e-type=\"container\">\n\t\t\t\t<div class=\"elementor-element elementor-element-7f053307 elementor-widget__width-inherit elementor-widget elementor-widget-heading\" data-id=\"7f053307\" data-element_type=\"widget\" data-e-type=\"widget\" data-widget_type=\"heading.default\">\n\t\t\t\t\t<h2 class=\"elementor-heading-title elementor-size-default\">Laboratorio de An\u00e1lisis Cl\u00ednicos en Centro M\u00e9dico Olivera \u2013 \nEstudios de alta calidad en Flores\n<\/h2>\t\t\t\t<\/div>\n\t\t\t\t<div class=\"elementor-element elementor-element-1f6379f9 elementor-widget__width-inherit elementor-invisible elementor-widget elementor-widget-text-editor\" data-id=\"1f6379f9\" data-element_type=\"widget\" data-e-type=\"widget\" data-settings=\"{&quot;_animation&quot;:&quot;fadeIn&quot;,&quot;_animation_delay&quot;:400}\" data-widget_type=\"text-editor.default\">\n\t\t\t\t\t\t\t\t\t<p>En el <strong>Centro M\u00e9dico Olivera<\/strong>, nuestro <strong>Laboratorio de An\u00e1lisis Cl\u00ednicos<\/strong> realiza estudios <strong>bioqu\u00edmicos, hematol\u00f3gicos, inmunol\u00f3gicos y microbiol\u00f3gicos<\/strong>, fundamentales para el <strong>diagn\u00f3stico, control y prevenci\u00f3n de enfermedades<\/strong>. Contamos con <strong>tecnolog\u00eda moderna<\/strong> y un equipo de <strong>profesionales altamente capacitados<\/strong>, asegurando <strong>resultados precisos y confiables<\/strong> en el menor tiempo posible.<\/p><p>Para el <strong>procesamiento de las muestras<\/strong>, el laboratorio <strong>opera en conjunto con CentraLab<\/strong>, uno de los centros de referencia a nivel nacional. Gracias a esta integraci\u00f3n, contamos con alta capacidad de procesamiento, <strong>tiempos de respuesta optimizados y el respaldo de uno de los sistemas de calidad m\u00e1s avanzados del pa\u00eds,<\/strong> fortaleciendo la confiabilidad de cada resultado.<\/p><p>El laboratorio es un <strong>apoyo clave para el equipo m\u00e9dico<\/strong>, contribuyendo a una atenci\u00f3n integral y personalizada de cada paciente, con \u00e9nfasis en la <strong>calidad, seguridad y eficiencia<\/strong> de los estudios realizados.<\/p>\t\t\t\t\t\t\t\t<\/div>\n\t\t<div class=\"elementor-element elementor-element-486d7052 e-con-full e-flex elementor-invisible e-con e-child\" data-id=\"486d7052\" data-element_type=\"container\" data-e-type=\"container\" data-settings=\"{&quot;animation&quot;:&quot;fadeIn&quot;,&quot;animation_delay&quot;:500}\">\n\t\t\t\t<div class=\"elementor-element elementor-element-2c6ad64a elementor-widget elementor-widget-button\" data-id=\"2c6ad64a\" data-element_type=\"widget\" data-e-type=\"widget\" data-widget_type=\"button.default\">\n\t\t\t\t\t\t\t\t\t\t<a class=\"elementor-button elementor-button-link elementor-size-sm\" href=\"https:\/\/centra.centralab.com.ar\/Vademecum.php?acces=med\">\n\t\t\t\t\t\t<span class=\"elementor-button-content-wrapper\">\n\t\t\t\t\t\t\t\t\t<span class=\"elementor-button-text\">Estudios e indicaciones<\/span>\n\t\t\t\t\t<\/span>\n\t\t\t\t\t<\/a>\n\t\t\t\t\t\t\t\t<\/div>\n\t\t\t\t<\/div>\n\t\t<div class=\"elementor-element elementor-element-3688d1ed e-con-full e-flex elementor-invisible e-con e-child\" data-id=\"3688d1ed\" data-element_type=\"container\" data-e-type=\"container\" data-settings=\"{&quot;animation&quot;:&quot;fadeIn&quot;,&quot;animation_delay&quot;:600}\">\n\t\t\t\t<\/div>\n\t\t\t\t<\/div>\n\t\t<div class=\"elementor-element elementor-element-4bb8ddbc e-con-full e-flex elementor-invisible e-con e-child\" data-id=\"4bb8ddbc\" data-element_type=\"container\" data-e-type=\"container\" data-settings=\"{&quot;background_background&quot;:&quot;classic&quot;,&quot;animation&quot;:&quot;fadeIn&quot;}\">\n\t\t\t\t<div class=\"elementor-element elementor-element-4037665a elementor-widget__width-inherit elementor-invisible elementor-widget elementor-widget-heading\" data-id=\"4037665a\" data-element_type=\"widget\" data-e-type=\"widget\" data-settings=\"{&quot;_animation&quot;:&quot;fadeIn&quot;,&quot;_animation_delay&quot;:200}\" data-widget_type=\"heading.default\">\n\t\t\t\t\t<h2 class=\"elementor-heading-title elementor-size-default\">Atenci\u00f3n<\/h2>\t\t\t\t<\/div>\n\t\t<div class=\"elementor-element elementor-element-4782604b e-con-full e-flex elementor-invisible e-con e-child\" data-id=\"4782604b\" data-element_type=\"container\" data-e-type=\"container\" data-settings=\"{&quot;animation&quot;:&quot;fadeIn&quot;,&quot;animation_delay&quot;:400}\">\n\t\t\t\t<div class=\"elementor-element elementor-element-3cf2832a elementor-widget__width-auto elementor-widget elementor-widget-heading\" data-id=\"3cf2832a\" data-element_type=\"widget\" data-e-type=\"widget\" data-widget_type=\"heading.default\">\n\t\t\t\t\t<h3 class=\"elementor-heading-title elementor-size-default\">\u25cf Sin turno: lunes a viernes de 7 a 11:30 hs.<\/h3>\t\t\t\t<\/div>\n\t\t\t\t<\/div>\n\t\t\t\t<\/div>\n\t\t\t\t<\/div>\n\t\t\t\t\t<\/div>\n\t\t\t\t<\/div>\n\t\t\t\t<\/div>\n\t\t","protected":false},"excerpt":{"rendered":"<p>Laboratorio Laboratorio de An\u00e1lisis Cl\u00ednicos en Centro M\u00e9dico Olivera \u2013 Estudios de alta calidad en Flores En el Centro M\u00e9dico [&hellip;]<\/p>\n","protected":false},"author":3,"featured_media":0,"parent":0,"menu_order":0,"comment_status":"closed","ping_status":"closed","template":"","meta":{"site-sidebar-layout":"no-sidebar","site-content-layout":"","ast-site-content-layout":"full-width-container","site-content-style":"default","site-sidebar-style":"default","ast-global-header-display":"","ast-banner-title-visibility":"","ast-main-header-display":"","ast-hfb-above-header-display":"","ast-hfb-below-header-display":"","ast-hfb-mobile-header-display":"","site-post-title":"disabled","ast-breadcrumbs-content":"","ast-featured-img":"disabled","footer-sml-layout":"","ast-disable-related-posts":"","theme-transparent-header-meta":"","adv-header-id-meta":"","stick-header-meta":"","header-above-stick-meta":"","header-main-stick-meta":"","header-below-stick-meta":"","astra-migrate-meta-layouts":"default","ast-page-background-enabled":"default","ast-page-background-meta":null,"ast-content-background-meta":null,"footnotes":""},"class_list":["post-1241","page","type-page","status-publish","hentry"],"_links":{"self":[{"href":"https:\/\/cmolivera.com\/wordpress\/wp-json\/wp\/v2\/pages\/1241","targetHints":{"allow":["GET"]}}],"collection":[{"href":"https:\/\/cmolivera.com\/wordpress\/wp-json\/wp\/v2\/pages"}],"about":[{"href":"https:\/\/cmolivera.com\/wordpress\/wp-json\/wp\/v2\/types\/page"}],"author":[{"embeddable":true,"href":"https:\/\/cmolivera.com\/wordpress\/wp-json\/wp\/v2\/users\/3"}],"replies":[{"embeddable":true,"href":"https:\/\/cmolivera.com\/wordpress\/wp-json\/wp\/v2\/comments?post=1241"}],"version-history":[{"count":13,"href":"https:\/\/cmolivera.com\/wordpress\/wp-json\/wp\/v2\/pages\/1241\/revisions"}],"predecessor-version":[{"id":1622,"href":"https:\/\/cmolivera.com\/wordpress\/wp-json\/wp\/v2\/pages\/1241\/revisions\/1622"}],"wp:attachment":[{"href":"https:\/\/cmolivera.com\/wordpress\/wp-json\/wp\/v2\/media?parent=1241"}],"curies":[{"name":"wp","href":"https:\/\/api.w.org\/{rel}","templated":true}]}}