{"id":1799,"date":"2026-04-29T15:46:55","date_gmt":"2026-04-29T15:46:55","guid":{"rendered":"https:\/\/cmolivera.com\/wordpress\/?page_id=1799"},"modified":"2026-05-04T16:02:18","modified_gmt":"2026-05-04T16:02:18","slug":"staff-cardiologia","status":"publish","type":"page","link":"https:\/\/cmolivera.com\/wordpress\/staff-cardiologia\/","title":{"rendered":"Staff Cardiolog\u00eda"},"content":{"rendered":"\t\t<div data-elementor-type=\"wp-page\" data-elementor-id=\"1799\" class=\"elementor elementor-1799\" data-elementor-post-type=\"page\">\n\t\t\t\t<div class=\"elementor-element elementor-element-66e1e541 e-flex e-con-boxed e-con e-parent\" data-id=\"66e1e541\" data-element_type=\"container\" data-e-type=\"container\" data-settings=\"{&quot;background_background&quot;:&quot;classic&quot;}\">\n\t\t\t\t\t<div class=\"e-con-inner\">\n\t\t<div class=\"elementor-element elementor-element-9112ce6 e-con-full e-flex e-con e-child\" data-id=\"9112ce6\" data-element_type=\"container\" data-e-type=\"container\">\n\t\t\t\t<div class=\"elementor-element elementor-element-b001d01 elementor-widget__width-inherit elementor-invisible elementor-widget elementor-widget-heading\" data-id=\"b001d01\" data-element_type=\"widget\" data-e-type=\"widget\" data-settings=\"{&quot;_animation&quot;:&quot;fadeIn&quot;,&quot;_animation_delay&quot;:200}\" data-widget_type=\"heading.default\">\n\t\t\t\t\t<h2 class=\"elementor-heading-title elementor-size-default\">Staff M\u00e9dico<\/h2>\t\t\t\t<\/div>\n\t\t\t\t<div class=\"elementor-element elementor-element-6adba86 elementor-widget__width-inherit elementor-invisible elementor-widget elementor-widget-text-editor\" data-id=\"6adba86\" data-element_type=\"widget\" data-e-type=\"widget\" data-settings=\"{&quot;_animation&quot;:&quot;fadeIn&quot;}\" data-widget_type=\"text-editor.default\">\n\t\t\t\t\t\t\t\t\t<p>Cardiolog\u00eda<\/p>\t\t\t\t\t\t\t\t<\/div>\n\t\t<div class=\"elementor-element elementor-element-33b7c6f e-con-full e-flex e-con e-child\" data-id=\"33b7c6f\" data-element_type=\"container\" data-e-type=\"container\">\n\t\t<div class=\"elementor-element elementor-element-4cf65dd e-con-full e-flex elementor-invisible e-con e-child\" data-id=\"4cf65dd\" data-element_type=\"container\" data-e-type=\"container\" data-settings=\"{&quot;animation&quot;:&quot;fadeInUp&quot;,&quot;animation_delay&quot;:400}\">\n\t\t\t\t<div class=\"elementor-element elementor-element-4caba8a elementor-widget elementor-widget-elementskit-team\" data-id=\"4caba8a\" data-element_type=\"widget\" data-e-type=\"widget\" data-widget_type=\"elementskit-team.default\">\n\t\t\t\t<div class=\"elementor-widget-container\">\n\t\t\t\t\t<div class=\"ekit-wid-con\">\t\t\t\t\t\t\t\t\n\t\t<div class=\"profile-card elementor-animation- text-center ekit-team-style-default\">\n\t\t\t\n\t\t\t\t<div class=\"profile-header ekit-team-img ekit-img-overlay ekit-team-img-block\" >\n\t\t\t\t\t<img fetchpriority=\"high\" decoding=\"async\" width=\"1024\" height=\"1024\" src=\"https:\/\/cmolivera.com\/wordpress\/wp-content\/uploads\/2026\/04\/Hombre-1024x1024.jpg\" class=\"attachment-large size-large wp-image-1731\" alt=\"\" srcset=\"https:\/\/cmolivera.com\/wordpress\/wp-content\/uploads\/2026\/04\/Hombre-1024x1024.jpg 1024w, https:\/\/cmolivera.com\/wordpress\/wp-content\/uploads\/2026\/04\/Hombre-300x300.jpg 300w, https:\/\/cmolivera.com\/wordpress\/wp-content\/uploads\/2026\/04\/Hombre-150x150.jpg 150w, https:\/\/cmolivera.com\/wordpress\/wp-content\/uploads\/2026\/04\/Hombre-768x768.jpg 768w, https:\/\/cmolivera.com\/wordpress\/wp-content\/uploads\/2026\/04\/Hombre-1536x1536.jpg 1536w, https:\/\/cmolivera.com\/wordpress\/wp-content\/uploads\/2026\/04\/Hombre-2048x2048.jpg 2048w\" sizes=\"(max-width: 1024px) 100vw, 1024px\" \/>\t\t\t\t<\/div><!-- .profile-header END -->\n\t\t\t\n\n\t\t\t\t<div class=\"profile-body\">\n\t\t\t\t\t\n\t\t\t\t\t<h2 class=\"profile-title\">\n\t\t\t\t\t\t\t\t\t\t\tCabrera Villasana Anthony\t\t\t\t\t\t\t\t\t\t<\/h2>\n\t\t\t\t\t<p class=\"profile-designation\">Cardi\u00f3logo<\/p>\n\t\t\t\t\t\t\t\t\t<\/div><!-- .profile-body END -->\n\n\t\t\t\t\t\t\t\t<\/div>\n\t\t\t\t\t\t\t\n\t\t\t\n\t\t\t\t<\/div>\t\t\t\t<\/div>\n\t\t\t\t<\/div>\n\t\t\t\t<\/div>\n\t\t<div class=\"elementor-element elementor-element-00868df e-con-full e-flex elementor-invisible e-con e-child\" data-id=\"00868df\" data-element_type=\"container\" data-e-type=\"container\" data-settings=\"{&quot;animation&quot;:&quot;fadeInUp&quot;,&quot;animation_delay&quot;:400}\">\n\t\t\t\t<div class=\"elementor-element elementor-element-b702a9f elementor-widget elementor-widget-elementskit-team\" data-id=\"b702a9f\" data-element_type=\"widget\" data-e-type=\"widget\" data-widget_type=\"elementskit-team.default\">\n\t\t\t\t<div class=\"elementor-widget-container\">\n\t\t\t\t\t<div class=\"ekit-wid-con\">\t\t\t\t\t\t\t\t\n\t\t<div class=\"profile-card elementor-animation- text-center ekit-team-style-default\">\n\t\t\t\n\t\t\t\t<div class=\"profile-header ekit-team-img ekit-img-overlay ekit-team-img-block\" >\n\t\t\t\t\t<img fetchpriority=\"high\" decoding=\"async\" width=\"1024\" height=\"1024\" src=\"https:\/\/cmolivera.com\/wordpress\/wp-content\/uploads\/2026\/04\/Hombre-1024x1024.jpg\" class=\"attachment-large size-large wp-image-1731\" alt=\"\" srcset=\"https:\/\/cmolivera.com\/wordpress\/wp-content\/uploads\/2026\/04\/Hombre-1024x1024.jpg 1024w, https:\/\/cmolivera.com\/wordpress\/wp-content\/uploads\/2026\/04\/Hombre-300x300.jpg 300w, https:\/\/cmolivera.com\/wordpress\/wp-content\/uploads\/2026\/04\/Hombre-150x150.jpg 150w, https:\/\/cmolivera.com\/wordpress\/wp-content\/uploads\/2026\/04\/Hombre-768x768.jpg 768w, https:\/\/cmolivera.com\/wordpress\/wp-content\/uploads\/2026\/04\/Hombre-1536x1536.jpg 1536w, https:\/\/cmolivera.com\/wordpress\/wp-content\/uploads\/2026\/04\/Hombre-2048x2048.jpg 2048w\" sizes=\"(max-width: 1024px) 100vw, 1024px\" \/>\t\t\t\t<\/div><!-- .profile-header END -->\n\t\t\t\n\n\t\t\t\t<div class=\"profile-body\">\n\t\t\t\t\t\n\t\t\t\t\t<h2 class=\"profile-title\">\n\t\t\t\t\t\t\t\t\t\t\tD\u00edaz Carlos Javier\t\t\t\t\t\t\t\t\t\t<\/h2>\n\t\t\t\t\t<p class=\"profile-designation\">Cardi\u00f3logo<\/p>\n\t\t\t\t\t\t\t\t\t<\/div><!-- .profile-body END -->\n\n\t\t\t\t\t\t\t\t<\/div>\n\t\t\t\t\t\t\t\n\t\t\t\n\t\t\t\t<\/div>\t\t\t\t<\/div>\n\t\t\t\t<\/div>\n\t\t\t\t<\/div>\n\t\t<div class=\"elementor-element elementor-element-45c4dfe e-con-full e-flex elementor-invisible e-con e-child\" data-id=\"45c4dfe\" data-element_type=\"container\" data-e-type=\"container\" data-settings=\"{&quot;animation&quot;:&quot;fadeInUp&quot;,&quot;animation_delay&quot;:400}\">\n\t\t\t\t<div class=\"elementor-element elementor-element-43888e7 elementor-widget elementor-widget-elementskit-team\" data-id=\"43888e7\" data-element_type=\"widget\" data-e-type=\"widget\" data-widget_type=\"elementskit-team.default\">\n\t\t\t\t<div class=\"elementor-widget-container\">\n\t\t\t\t\t<div class=\"ekit-wid-con\">\t\t\t\t\t\t\t\t\n\t\t<div class=\"profile-card elementor-animation- text-center ekit-team-style-default\">\n\t\t\t\n\t\t\t\t<div class=\"profile-header ekit-team-img ekit-img-overlay ekit-team-img-block\" >\n\t\t\t\t\t<img decoding=\"async\" width=\"1024\" height=\"1024\" src=\"https:\/\/cmolivera.com\/wordpress\/wp-content\/uploads\/2026\/04\/Mujer-1024x1024.jpg\" class=\"attachment-large size-large wp-image-1729\" alt=\"\" srcset=\"https:\/\/cmolivera.com\/wordpress\/wp-content\/uploads\/2026\/04\/Mujer-1024x1024.jpg 1024w, https:\/\/cmolivera.com\/wordpress\/wp-content\/uploads\/2026\/04\/Mujer-300x300.jpg 300w, https:\/\/cmolivera.com\/wordpress\/wp-content\/uploads\/2026\/04\/Mujer-150x150.jpg 150w, https:\/\/cmolivera.com\/wordpress\/wp-content\/uploads\/2026\/04\/Mujer-768x768.jpg 768w, https:\/\/cmolivera.com\/wordpress\/wp-content\/uploads\/2026\/04\/Mujer-1536x1536.jpg 1536w, https:\/\/cmolivera.com\/wordpress\/wp-content\/uploads\/2026\/04\/Mujer-2048x2048.jpg 2048w\" sizes=\"(max-width: 1024px) 100vw, 1024px\" \/>\t\t\t\t<\/div><!-- .profile-header END -->\n\t\t\t\n\n\t\t\t\t<div class=\"profile-body\">\n\t\t\t\t\t\n\t\t\t\t\t<h2 class=\"profile-title\">\n\t\t\t\t\t\t\t\t\t\t\tLeguiza Claudia Ines\t\t\t\t\t\t\t\t\t\t<\/h2>\n\t\t\t\t\t<p class=\"profile-designation\">Cardi\u00f3loga<\/p>\n\t\t\t\t\t\t\t\t\t<\/div><!-- .profile-body END -->\n\n\t\t\t\t\t\t\t\t<\/div>\n\t\t\t\t\t\t\t\n\t\t\t\n\t\t\t\t<\/div>\t\t\t\t<\/div>\n\t\t\t\t<\/div>\n\t\t\t\t<\/div>\n\t\t\t\t<\/div>\n\t\t<div class=\"elementor-element elementor-element-bb2f159 e-con-full e-flex e-con e-child\" data-id=\"bb2f159\" data-element_type=\"container\" data-e-type=\"container\">\n\t\t<div class=\"elementor-element elementor-element-2ae8a16 e-con-full e-flex elementor-invisible e-con e-child\" data-id=\"2ae8a16\" data-element_type=\"container\" data-e-type=\"container\" data-settings=\"{&quot;animation&quot;:&quot;fadeInUp&quot;,&quot;animation_delay&quot;:400}\">\n\t\t\t\t<div class=\"elementor-element elementor-element-117847e elementor-widget elementor-widget-elementskit-team\" data-id=\"117847e\" data-element_type=\"widget\" data-e-type=\"widget\" data-widget_type=\"elementskit-team.default\">\n\t\t\t\t<div class=\"elementor-widget-container\">\n\t\t\t\t\t<div class=\"ekit-wid-con\">\t\t\t\t\t\t\t\t\n\t\t<div class=\"profile-card elementor-animation- text-center ekit-team-style-default\">\n\t\t\t\n\t\t\t\t<div class=\"profile-header ekit-team-img ekit-img-overlay ekit-team-img-block\" >\n\t\t\t\t\t<img fetchpriority=\"high\" decoding=\"async\" width=\"1024\" height=\"1024\" src=\"https:\/\/cmolivera.com\/wordpress\/wp-content\/uploads\/2026\/04\/Hombre-1024x1024.jpg\" class=\"attachment-large size-large wp-image-1731\" alt=\"\" srcset=\"https:\/\/cmolivera.com\/wordpress\/wp-content\/uploads\/2026\/04\/Hombre-1024x1024.jpg 1024w, https:\/\/cmolivera.com\/wordpress\/wp-content\/uploads\/2026\/04\/Hombre-300x300.jpg 300w, https:\/\/cmolivera.com\/wordpress\/wp-content\/uploads\/2026\/04\/Hombre-150x150.jpg 150w, https:\/\/cmolivera.com\/wordpress\/wp-content\/uploads\/2026\/04\/Hombre-768x768.jpg 768w, https:\/\/cmolivera.com\/wordpress\/wp-content\/uploads\/2026\/04\/Hombre-1536x1536.jpg 1536w, https:\/\/cmolivera.com\/wordpress\/wp-content\/uploads\/2026\/04\/Hombre-2048x2048.jpg 2048w\" sizes=\"(max-width: 1024px) 100vw, 1024px\" \/>\t\t\t\t<\/div><!-- .profile-header END -->\n\t\t\t\n\n\t\t\t\t<div class=\"profile-body\">\n\t\t\t\t\t\n\t\t\t\t\t<h2 class=\"profile-title\">\n\t\t\t\t\t\t\t\t\t\t\tSaleh Osvaldo\t\t\t\t\t\t\t\t\t\t<\/h2>\n\t\t\t\t\t<p class=\"profile-designation\">Cardi\u00f3logo<\/p>\n\t\t\t\t\t\t\t\t\t<\/div><!-- .profile-body END -->\n\n\t\t\t\t\t\t\t\t<\/div>\n\t\t\t\t\t\t\t\n\t\t\t\n\t\t\t\t<\/div>\t\t\t\t<\/div>\n\t\t\t\t<\/div>\n\t\t\t\t<\/div>\n\t\t<div class=\"elementor-element elementor-element-3e2a64f e-con-full e-flex elementor-invisible e-con e-child\" data-id=\"3e2a64f\" data-element_type=\"container\" data-e-type=\"container\" data-settings=\"{&quot;animation&quot;:&quot;fadeInUp&quot;,&quot;animation_delay&quot;:400}\">\n\t\t\t\t<div class=\"elementor-element elementor-element-b179afe elementor-widget elementor-widget-elementskit-team\" data-id=\"b179afe\" data-element_type=\"widget\" data-e-type=\"widget\" data-widget_type=\"elementskit-team.default\">\n\t\t\t\t<div class=\"elementor-widget-container\">\n\t\t\t\t\t<div class=\"ekit-wid-con\">\t\t\t\t\t\t\t\t\n\t\t<div class=\"profile-card elementor-animation- text-center ekit-team-style-default\">\n\t\t\t\n\t\t\t\t<div class=\"profile-header ekit-team-img ekit-img-overlay ekit-team-img-block\" >\n\t\t\t\t\t<img decoding=\"async\" width=\"1024\" height=\"1024\" src=\"https:\/\/cmolivera.com\/wordpress\/wp-content\/uploads\/2026\/04\/Mujer-1024x1024.jpg\" class=\"attachment-large size-large wp-image-1729\" alt=\"\" srcset=\"https:\/\/cmolivera.com\/wordpress\/wp-content\/uploads\/2026\/04\/Mujer-1024x1024.jpg 1024w, https:\/\/cmolivera.com\/wordpress\/wp-content\/uploads\/2026\/04\/Mujer-300x300.jpg 300w, https:\/\/cmolivera.com\/wordpress\/wp-content\/uploads\/2026\/04\/Mujer-150x150.jpg 150w, https:\/\/cmolivera.com\/wordpress\/wp-content\/uploads\/2026\/04\/Mujer-768x768.jpg 768w, https:\/\/cmolivera.com\/wordpress\/wp-content\/uploads\/2026\/04\/Mujer-1536x1536.jpg 1536w, https:\/\/cmolivera.com\/wordpress\/wp-content\/uploads\/2026\/04\/Mujer-2048x2048.jpg 2048w\" sizes=\"(max-width: 1024px) 100vw, 1024px\" \/>\t\t\t\t<\/div><!-- .profile-header END -->\n\t\t\t\n\n\t\t\t\t<div class=\"profile-body\">\n\t\t\t\t\t\n\t\t\t\t\t<h2 class=\"profile-title\">\n\t\t\t\t\t\t\t\t\t\t\tSantocono Isabella\t\t\t\t\t\t\t\t\t\t<\/h2>\n\t\t\t\t\t<p class=\"profile-designation\">Cardi\u00f3loga<\/p>\n\t\t\t\t\t\t\t\t\t<\/div><!-- .profile-body END -->\n\n\t\t\t\t\t\t\t\t<\/div>\n\t\t\t\t\t\t\t\n\t\t\t\n\t\t\t\t<\/div>\t\t\t\t<\/div>\n\t\t\t\t<\/div>\n\t\t\t\t<\/div>\n\t\t<div class=\"elementor-element elementor-element-0429192 e-con-full e-flex elementor-invisible e-con e-child\" data-id=\"0429192\" data-element_type=\"container\" data-e-type=\"container\" data-settings=\"{&quot;animation&quot;:&quot;fadeInUp&quot;,&quot;animation_delay&quot;:400}\">\n\t\t\t\t<div class=\"elementor-element elementor-element-a7b5d95 elementor-widget elementor-widget-elementskit-team\" data-id=\"a7b5d95\" data-element_type=\"widget\" data-e-type=\"widget\" data-widget_type=\"elementskit-team.default\">\n\t\t\t\t<div class=\"elementor-widget-container\">\n\t\t\t\t\t<div class=\"ekit-wid-con\">\t\t\t\t\t\t\t\t\n\t\t<div class=\"profile-card elementor-animation- text-center ekit-team-style-default\">\n\t\t\t\n\t\t\t\t<div class=\"profile-header ekit-team-img ekit-img-overlay ekit-team-img-block\" >\n\t\t\t\t\t<img fetchpriority=\"high\" decoding=\"async\" width=\"1024\" height=\"1024\" src=\"https:\/\/cmolivera.com\/wordpress\/wp-content\/uploads\/2026\/04\/Hombre-1024x1024.jpg\" class=\"attachment-large size-large wp-image-1731\" alt=\"\" srcset=\"https:\/\/cmolivera.com\/wordpress\/wp-content\/uploads\/2026\/04\/Hombre-1024x1024.jpg 1024w, https:\/\/cmolivera.com\/wordpress\/wp-content\/uploads\/2026\/04\/Hombre-300x300.jpg 300w, https:\/\/cmolivera.com\/wordpress\/wp-content\/uploads\/2026\/04\/Hombre-150x150.jpg 150w, https:\/\/cmolivera.com\/wordpress\/wp-content\/uploads\/2026\/04\/Hombre-768x768.jpg 768w, https:\/\/cmolivera.com\/wordpress\/wp-content\/uploads\/2026\/04\/Hombre-1536x1536.jpg 1536w, https:\/\/cmolivera.com\/wordpress\/wp-content\/uploads\/2026\/04\/Hombre-2048x2048.jpg 2048w\" sizes=\"(max-width: 1024px) 100vw, 1024px\" \/>\t\t\t\t<\/div><!-- .profile-header END -->\n\t\t\t\n\n\t\t\t\t<div class=\"profile-body\">\n\t\t\t\t\t\n\t\t\t\t\t<h2 class=\"profile-title\">\n\t\t\t\t\t\t\t\t\t\t\tSavastano Tomas\t\t\t\t\t\t\t\t\t\t<\/h2>\n\t\t\t\t\t<p class=\"profile-designation\">Cardi\u00f3logo<\/p>\n\t\t\t\t\t\t\t\t\t<\/div><!-- .profile-body END -->\n\n\t\t\t\t\t\t\t\t<\/div>\n\t\t\t\t\t\t\t\n\t\t\t\n\t\t\t\t<\/div>\t\t\t\t<\/div>\n\t\t\t\t<\/div>\n\t\t\t\t<\/div>\n\t\t\t\t<\/div>\n\t\t\t\t<\/div>\n\t\t\t\t\t<\/div>\n\t\t\t\t<\/div>\n\t\t\t\t<\/div>\n\t\t","protected":false},"excerpt":{"rendered":"<p>Staff M\u00e9dico Cardiolog\u00eda Cabrera Villasana Anthony Cardi\u00f3logo D\u00edaz Carlos Javier Cardi\u00f3logo Leguiza Claudia Ines Cardi\u00f3loga Saleh Osvaldo Cardi\u00f3logo Santocono Isabella [&hellip;]<\/p>\n","protected":false},"author":3,"featured_media":0,"parent":0,"menu_order":0,"comment_status":"closed","ping_status":"closed","template":"","meta":{"site-sidebar-layout":"no-sidebar","site-content-layout":"","ast-site-content-layout":"full-width-container","site-content-style":"default","site-sidebar-style":"default","ast-global-header-display":"","ast-banner-title-visibility":"","ast-main-header-display":"","ast-hfb-above-header-display":"","ast-hfb-below-header-display":"","ast-hfb-mobile-header-display":"","site-post-title":"disabled","ast-breadcrumbs-content":"","ast-featured-img":"disabled","footer-sml-layout":"","ast-disable-related-posts":"","theme-transparent-header-meta":"default","adv-header-id-meta":"","stick-header-meta":"","header-above-stick-meta":"","header-main-stick-meta":"","header-below-stick-meta":"","astra-migrate-meta-layouts":"set","ast-page-background-enabled":"default","ast-page-background-meta":{"desktop":{"background-color":"var(--ast-global-color-5)","background-image":"","background-repeat":"repeat","background-position":"center center","background-size":"auto","background-attachment":"scroll","background-type":"","background-media":"","overlay-type":"","overlay-color":"","overlay-opacity":"","overlay-gradient":""},"tablet":{"background-color":"","background-image":"","background-repeat":"repeat","background-position":"center center","background-size":"auto","background-attachment":"scroll","background-type":"","background-media":"","overlay-type":"","overlay-color":"","overlay-opacity":"","overlay-gradient":""},"mobile":{"background-color":"","background-image":"","background-repeat":"repeat","background-position":"center center","background-size":"auto","background-attachment":"scroll","background-type":"","background-media":"","overlay-type":"","overlay-color":"","overlay-opacity":"","overlay-gradient":""}},"ast-content-background-meta":{"desktop":{"background-color":"var(--ast-global-color-4)","background-image":"","background-repeat":"repeat","background-position":"center center","background-size":"auto","background-attachment":"scroll","background-type":"","background-media":"","overlay-type":"","overlay-color":"","overlay-opacity":"","overlay-gradient":""},"tablet":{"background-color":"var(--ast-global-color-4)","background-image":"","background-repeat":"repeat","background-position":"center center","background-size":"auto","background-attachment":"scroll","background-type":"","background-media":"","overlay-type":"","overlay-color":"","overlay-opacity":"","overlay-gradient":""},"mobile":{"background-color":"var(--ast-global-color-4)","background-image":"","background-repeat":"repeat","background-position":"center center","background-size":"auto","background-attachment":"scroll","background-type":"","background-media":"","overlay-type":"","overlay-color":"","overlay-opacity":"","overlay-gradient":""}},"footnotes":""},"class_list":["post-1799","page","type-page","status-publish","hentry"],"_links":{"self":[{"href":"https:\/\/cmolivera.com\/wordpress\/wp-json\/wp\/v2\/pages\/1799","targetHints":{"allow":["GET"]}}],"collection":[{"href":"https:\/\/cmolivera.com\/wordpress\/wp-json\/wp\/v2\/pages"}],"about":[{"href":"https:\/\/cmolivera.com\/wordpress\/wp-json\/wp\/v2\/types\/page"}],"author":[{"embeddable":true,"href":"https:\/\/cmolivera.com\/wordpress\/wp-json\/wp\/v2\/users\/3"}],"replies":[{"embeddable":true,"href":"https:\/\/cmolivera.com\/wordpress\/wp-json\/wp\/v2\/comments?post=1799"}],"version-history":[{"count":13,"href":"https:\/\/cmolivera.com\/wordpress\/wp-json\/wp\/v2\/pages\/1799\/revisions"}],"predecessor-version":[{"id":2020,"href":"https:\/\/cmolivera.com\/wordpress\/wp-json\/wp\/v2\/pages\/1799\/revisions\/2020"}],"wp:attachment":[{"href":"https:\/\/cmolivera.com\/wordpress\/wp-json\/wp\/v2\/media?parent=1799"}],"curies":[{"name":"wp","href":"https:\/\/api.w.org\/{rel}","templated":true}]}}