{"id":1855,"date":"2026-04-29T17:46:39","date_gmt":"2026-04-29T17:46:39","guid":{"rendered":"https:\/\/cmolivera.com\/wordpress\/?page_id=1855"},"modified":"2026-05-04T17:00:20","modified_gmt":"2026-05-04T17:00:20","slug":"staff-diag-por-imagenes","status":"publish","type":"page","link":"https:\/\/cmolivera.com\/wordpress\/staff-diag-por-imagenes\/","title":{"rendered":"Staff Diag. Por Im\u00e1genes"},"content":{"rendered":"\t\t<div data-elementor-type=\"wp-page\" data-elementor-id=\"1855\" class=\"elementor elementor-1855\" data-elementor-post-type=\"page\">\n\t\t\t\t<div class=\"elementor-element elementor-element-66e1e541 e-flex e-con-boxed e-con e-parent\" data-id=\"66e1e541\" data-element_type=\"container\" data-e-type=\"container\" data-settings=\"{&quot;background_background&quot;:&quot;classic&quot;}\">\n\t\t\t\t\t<div class=\"e-con-inner\">\n\t\t<div class=\"elementor-element elementor-element-9112ce6 e-con-full e-flex e-con e-child\" data-id=\"9112ce6\" data-element_type=\"container\" data-e-type=\"container\">\n\t\t\t\t<div class=\"elementor-element elementor-element-b001d01 elementor-widget__width-inherit elementor-invisible elementor-widget elementor-widget-heading\" data-id=\"b001d01\" data-element_type=\"widget\" data-e-type=\"widget\" data-settings=\"{&quot;_animation&quot;:&quot;fadeIn&quot;,&quot;_animation_delay&quot;:200}\" data-widget_type=\"heading.default\">\n\t\t\t\t\t<h2 class=\"elementor-heading-title elementor-size-default\">Staff M\u00e9dico<\/h2>\t\t\t\t<\/div>\n\t\t\t\t<div class=\"elementor-element elementor-element-6adba86 elementor-widget__width-inherit elementor-invisible elementor-widget elementor-widget-text-editor\" data-id=\"6adba86\" data-element_type=\"widget\" data-e-type=\"widget\" data-settings=\"{&quot;_animation&quot;:&quot;fadeIn&quot;}\" data-widget_type=\"text-editor.default\">\n\t\t\t\t\t\t\t\t\t<p>Diagn\u00f3stico por im\u00e1genes<\/p>\t\t\t\t\t\t\t\t<\/div>\n\t\t<div class=\"elementor-element elementor-element-873856d e-con-full e-flex e-con e-child\" data-id=\"873856d\" data-element_type=\"container\" data-e-type=\"container\">\n\t\t<div class=\"elementor-element elementor-element-513bbd9 e-con-full e-flex elementor-invisible e-con e-child\" data-id=\"513bbd9\" data-element_type=\"container\" data-e-type=\"container\" data-settings=\"{&quot;animation&quot;:&quot;fadeInUp&quot;,&quot;animation_delay&quot;:400}\">\n\t\t\t\t<div class=\"elementor-element elementor-element-4dc570f elementor-widget elementor-widget-elementskit-team\" data-id=\"4dc570f\" data-element_type=\"widget\" data-e-type=\"widget\" data-widget_type=\"elementskit-team.default\">\n\t\t\t\t<div class=\"elementor-widget-container\">\n\t\t\t\t\t<div class=\"ekit-wid-con\">\t\t\t\t\t\t\t\t\n\t\t<div class=\"profile-card elementor-animation- text-center ekit-team-style-default\">\n\t\t\t\n\t\t\t\t<div class=\"profile-header ekit-team-img ekit-img-overlay ekit-team-img-block\" >\n\t\t\t\t\t<img fetchpriority=\"high\" decoding=\"async\" width=\"1024\" height=\"1024\" src=\"https:\/\/cmolivera.com\/wordpress\/wp-content\/uploads\/2026\/04\/Mujer-1024x1024.jpg\" class=\"attachment-large size-large wp-image-1729\" alt=\"\" srcset=\"https:\/\/cmolivera.com\/wordpress\/wp-content\/uploads\/2026\/04\/Mujer-1024x1024.jpg 1024w, https:\/\/cmolivera.com\/wordpress\/wp-content\/uploads\/2026\/04\/Mujer-300x300.jpg 300w, https:\/\/cmolivera.com\/wordpress\/wp-content\/uploads\/2026\/04\/Mujer-150x150.jpg 150w, https:\/\/cmolivera.com\/wordpress\/wp-content\/uploads\/2026\/04\/Mujer-768x768.jpg 768w, https:\/\/cmolivera.com\/wordpress\/wp-content\/uploads\/2026\/04\/Mujer-1536x1536.jpg 1536w, https:\/\/cmolivera.com\/wordpress\/wp-content\/uploads\/2026\/04\/Mujer-2048x2048.jpg 2048w\" sizes=\"(max-width: 1024px) 100vw, 1024px\" \/>\t\t\t\t<\/div><!-- .profile-header END -->\n\t\t\t\n\n\t\t\t\t<div class=\"profile-body\">\n\t\t\t\t\t\n\t\t\t\t\t<h2 class=\"profile-title\">\n\t\t\t\t\t\t\t\t\t\t\tAgosta Mariana\t\t\t\t\t\t\t\t\t\t<\/h2>\n\t\t\t\t\t<p class=\"profile-designation\">Radi\u00f3loga<\/p>\n\t\t\t\t\t\t\t\t\t<\/div><!-- .profile-body END -->\n\n\t\t\t\t\t\t\t\t<\/div>\n\t\t\t\t\t\t\t\n\t\t\t\n\t\t\t\t<\/div>\t\t\t\t<\/div>\n\t\t\t\t<\/div>\n\t\t\t\t<\/div>\n\t\t<div class=\"elementor-element elementor-element-60e16cc e-con-full e-flex elementor-invisible e-con e-child\" data-id=\"60e16cc\" data-element_type=\"container\" data-e-type=\"container\" data-settings=\"{&quot;animation&quot;:&quot;fadeInUp&quot;,&quot;animation_delay&quot;:400}\">\n\t\t\t\t<div class=\"elementor-element elementor-element-7ae54d3 elementor-widget elementor-widget-elementskit-team\" data-id=\"7ae54d3\" data-element_type=\"widget\" data-e-type=\"widget\" data-widget_type=\"elementskit-team.default\">\n\t\t\t\t<div class=\"elementor-widget-container\">\n\t\t\t\t\t<div class=\"ekit-wid-con\">\t\t\t\t\t\t\t\t\n\t\t<div class=\"profile-card elementor-animation- text-center ekit-team-style-default\">\n\t\t\t\n\t\t\t\t<div class=\"profile-header ekit-team-img ekit-img-overlay ekit-team-img-block\" >\n\t\t\t\t\t<img fetchpriority=\"high\" decoding=\"async\" width=\"1024\" height=\"1024\" src=\"https:\/\/cmolivera.com\/wordpress\/wp-content\/uploads\/2026\/04\/Mujer-1024x1024.jpg\" class=\"attachment-large size-large wp-image-1729\" alt=\"\" srcset=\"https:\/\/cmolivera.com\/wordpress\/wp-content\/uploads\/2026\/04\/Mujer-1024x1024.jpg 1024w, https:\/\/cmolivera.com\/wordpress\/wp-content\/uploads\/2026\/04\/Mujer-300x300.jpg 300w, https:\/\/cmolivera.com\/wordpress\/wp-content\/uploads\/2026\/04\/Mujer-150x150.jpg 150w, https:\/\/cmolivera.com\/wordpress\/wp-content\/uploads\/2026\/04\/Mujer-768x768.jpg 768w, https:\/\/cmolivera.com\/wordpress\/wp-content\/uploads\/2026\/04\/Mujer-1536x1536.jpg 1536w, https:\/\/cmolivera.com\/wordpress\/wp-content\/uploads\/2026\/04\/Mujer-2048x2048.jpg 2048w\" sizes=\"(max-width: 1024px) 100vw, 1024px\" \/>\t\t\t\t<\/div><!-- .profile-header END -->\n\t\t\t\n\n\t\t\t\t<div class=\"profile-body\">\n\t\t\t\t\t\n\t\t\t\t\t<h2 class=\"profile-title\">\n\t\t\t\t\t\t\t\t\t\t\tAloy Susana\t\t\t\t\t\t\t\t\t\t<\/h2>\n\t\t\t\t\t<p class=\"profile-designation\">Radi\u00f3loga<\/p>\n\t\t\t\t\t\t\t\t\t<\/div><!-- .profile-body END -->\n\n\t\t\t\t\t\t\t\t<\/div>\n\t\t\t\t\t\t\t\n\t\t\t\n\t\t\t\t<\/div>\t\t\t\t<\/div>\n\t\t\t\t<\/div>\n\t\t\t\t<\/div>\n\t\t<div class=\"elementor-element elementor-element-784c215 e-con-full e-flex elementor-invisible e-con e-child\" data-id=\"784c215\" data-element_type=\"container\" data-e-type=\"container\" data-settings=\"{&quot;animation&quot;:&quot;fadeInUp&quot;,&quot;animation_delay&quot;:400}\">\n\t\t\t\t<div class=\"elementor-element elementor-element-209dd9d elementor-widget elementor-widget-elementskit-team\" data-id=\"209dd9d\" data-element_type=\"widget\" data-e-type=\"widget\" data-widget_type=\"elementskit-team.default\">\n\t\t\t\t<div class=\"elementor-widget-container\">\n\t\t\t\t\t<div class=\"ekit-wid-con\">\t\t\t\t\t\t\t\t\n\t\t<div class=\"profile-card elementor-animation- text-center ekit-team-style-default\">\n\t\t\t\n\t\t\t\t<div class=\"profile-header ekit-team-img ekit-img-overlay ekit-team-img-block\" >\n\t\t\t\t\t<img fetchpriority=\"high\" decoding=\"async\" width=\"1024\" height=\"1024\" src=\"https:\/\/cmolivera.com\/wordpress\/wp-content\/uploads\/2026\/04\/Mujer-1024x1024.jpg\" class=\"attachment-large size-large wp-image-1729\" alt=\"\" srcset=\"https:\/\/cmolivera.com\/wordpress\/wp-content\/uploads\/2026\/04\/Mujer-1024x1024.jpg 1024w, https:\/\/cmolivera.com\/wordpress\/wp-content\/uploads\/2026\/04\/Mujer-300x300.jpg 300w, https:\/\/cmolivera.com\/wordpress\/wp-content\/uploads\/2026\/04\/Mujer-150x150.jpg 150w, https:\/\/cmolivera.com\/wordpress\/wp-content\/uploads\/2026\/04\/Mujer-768x768.jpg 768w, https:\/\/cmolivera.com\/wordpress\/wp-content\/uploads\/2026\/04\/Mujer-1536x1536.jpg 1536w, https:\/\/cmolivera.com\/wordpress\/wp-content\/uploads\/2026\/04\/Mujer-2048x2048.jpg 2048w\" sizes=\"(max-width: 1024px) 100vw, 1024px\" \/>\t\t\t\t<\/div><!-- .profile-header END -->\n\t\t\t\n\n\t\t\t\t<div class=\"profile-body\">\n\t\t\t\t\t\n\t\t\t\t\t<h2 class=\"profile-title\">\n\t\t\t\t\t\t\t\t\t\t\tFerrari Mar\u00eda Laura\t\t\t\t\t\t\t\t\t\t<\/h2>\n\t\t\t\t\t<p class=\"profile-designation\">Radi\u00f3loga<\/p>\n\t\t\t\t\t\t\t\t\t<\/div><!-- .profile-body END -->\n\n\t\t\t\t\t\t\t\t<\/div>\n\t\t\t\t\t\t\t\n\t\t\t\n\t\t\t\t<\/div>\t\t\t\t<\/div>\n\t\t\t\t<\/div>\n\t\t\t\t<\/div>\n\t\t<div class=\"elementor-element elementor-element-e736c6a e-con-full e-flex elementor-invisible e-con e-child\" data-id=\"e736c6a\" data-element_type=\"container\" data-e-type=\"container\" data-settings=\"{&quot;animation&quot;:&quot;fadeInUp&quot;,&quot;animation_delay&quot;:400}\">\n\t\t\t\t<div class=\"elementor-element elementor-element-7409874 elementor-widget elementor-widget-elementskit-team\" data-id=\"7409874\" data-element_type=\"widget\" data-e-type=\"widget\" data-widget_type=\"elementskit-team.default\">\n\t\t\t\t<div class=\"elementor-widget-container\">\n\t\t\t\t\t<div class=\"ekit-wid-con\">\t\t\t\t\t\t\t\t\n\t\t<div class=\"profile-card elementor-animation- text-center ekit-team-style-default\">\n\t\t\t\n\t\t\t\t<div class=\"profile-header ekit-team-img ekit-img-overlay ekit-team-img-block\" >\n\t\t\t\t\t<img fetchpriority=\"high\" decoding=\"async\" width=\"1024\" height=\"1024\" src=\"https:\/\/cmolivera.com\/wordpress\/wp-content\/uploads\/2026\/04\/Mujer-1024x1024.jpg\" class=\"attachment-large size-large wp-image-1729\" alt=\"\" srcset=\"https:\/\/cmolivera.com\/wordpress\/wp-content\/uploads\/2026\/04\/Mujer-1024x1024.jpg 1024w, https:\/\/cmolivera.com\/wordpress\/wp-content\/uploads\/2026\/04\/Mujer-300x300.jpg 300w, https:\/\/cmolivera.com\/wordpress\/wp-content\/uploads\/2026\/04\/Mujer-150x150.jpg 150w, https:\/\/cmolivera.com\/wordpress\/wp-content\/uploads\/2026\/04\/Mujer-768x768.jpg 768w, https:\/\/cmolivera.com\/wordpress\/wp-content\/uploads\/2026\/04\/Mujer-1536x1536.jpg 1536w, https:\/\/cmolivera.com\/wordpress\/wp-content\/uploads\/2026\/04\/Mujer-2048x2048.jpg 2048w\" sizes=\"(max-width: 1024px) 100vw, 1024px\" \/>\t\t\t\t<\/div><!-- .profile-header END -->\n\t\t\t\n\n\t\t\t\t<div class=\"profile-body\">\n\t\t\t\t\t\n\t\t\t\t\t<h2 class=\"profile-title\">\n\t\t\t\t\t\t\t\t\t\t\tHinojosa Karen\t\t\t\t\t\t\t\t\t\t<\/h2>\n\t\t\t\t\t<p class=\"profile-designation\">Radi\u00f3loga<\/p>\n\t\t\t\t\t\t\t\t\t<\/div><!-- .profile-body END -->\n\n\t\t\t\t\t\t\t\t<\/div>\n\t\t\t\t\t\t\t\n\t\t\t\n\t\t\t\t<\/div>\t\t\t\t<\/div>\n\t\t\t\t<\/div>\n\t\t\t\t<\/div>\n\t\t<div class=\"elementor-element elementor-element-3899d53 e-con-full e-flex elementor-invisible e-con e-child\" data-id=\"3899d53\" data-element_type=\"container\" data-e-type=\"container\" data-settings=\"{&quot;animation&quot;:&quot;fadeInUp&quot;,&quot;animation_delay&quot;:400}\">\n\t\t\t\t<div class=\"elementor-element elementor-element-26998dc elementor-widget elementor-widget-elementskit-team\" data-id=\"26998dc\" data-element_type=\"widget\" data-e-type=\"widget\" data-widget_type=\"elementskit-team.default\">\n\t\t\t\t<div class=\"elementor-widget-container\">\n\t\t\t\t\t<div class=\"ekit-wid-con\">\t\t\t\t\t\t\t\t\n\t\t<div class=\"profile-card elementor-animation- text-center ekit-team-style-default\">\n\t\t\t\n\t\t\t\t<div class=\"profile-header ekit-team-img ekit-img-overlay ekit-team-img-block\" >\n\t\t\t\t\t<img decoding=\"async\" width=\"1024\" height=\"1024\" src=\"https:\/\/cmolivera.com\/wordpress\/wp-content\/uploads\/2026\/04\/Hombre-1024x1024.jpg\" class=\"attachment-large size-large wp-image-1731\" alt=\"\" srcset=\"https:\/\/cmolivera.com\/wordpress\/wp-content\/uploads\/2026\/04\/Hombre-1024x1024.jpg 1024w, https:\/\/cmolivera.com\/wordpress\/wp-content\/uploads\/2026\/04\/Hombre-300x300.jpg 300w, https:\/\/cmolivera.com\/wordpress\/wp-content\/uploads\/2026\/04\/Hombre-150x150.jpg 150w, https:\/\/cmolivera.com\/wordpress\/wp-content\/uploads\/2026\/04\/Hombre-768x768.jpg 768w, https:\/\/cmolivera.com\/wordpress\/wp-content\/uploads\/2026\/04\/Hombre-1536x1536.jpg 1536w, https:\/\/cmolivera.com\/wordpress\/wp-content\/uploads\/2026\/04\/Hombre-2048x2048.jpg 2048w\" sizes=\"(max-width: 1024px) 100vw, 1024px\" \/>\t\t\t\t<\/div><!-- .profile-header END -->\n\t\t\t\n\n\t\t\t\t<div class=\"profile-body\">\n\t\t\t\t\t\n\t\t\t\t\t<h2 class=\"profile-title\">\n\t\t\t\t\t\t\t\t\t\t\tLopez Rodrigo\t\t\t\t\t\t\t\t\t\t<\/h2>\n\t\t\t\t\t<p class=\"profile-designation\">Radi\u00f3logo<\/p>\n\t\t\t\t\t\t\t\t\t<\/div><!-- .profile-body END -->\n\n\t\t\t\t\t\t\t\t<\/div>\n\t\t\t\t\t\t\t\n\t\t\t\n\t\t\t\t<\/div>\t\t\t\t<\/div>\n\t\t\t\t<\/div>\n\t\t\t\t<\/div>\n\t\t\t\t<\/div>\n\t\t<div class=\"elementor-element elementor-element-84a9c7e e-con-full e-flex e-con e-child\" data-id=\"84a9c7e\" data-element_type=\"container\" data-e-type=\"container\">\n\t\t<div class=\"elementor-element elementor-element-d54d817 e-con-full e-flex elementor-invisible e-con e-child\" data-id=\"d54d817\" data-element_type=\"container\" data-e-type=\"container\" data-settings=\"{&quot;animation&quot;:&quot;fadeInUp&quot;,&quot;animation_delay&quot;:400}\">\n\t\t\t\t<div class=\"elementor-element elementor-element-c06b013 elementor-widget elementor-widget-elementskit-team\" data-id=\"c06b013\" data-element_type=\"widget\" data-e-type=\"widget\" data-widget_type=\"elementskit-team.default\">\n\t\t\t\t<div class=\"elementor-widget-container\">\n\t\t\t\t\t<div class=\"ekit-wid-con\">\t\t\t\t\t\t\t\t\n\t\t<div class=\"profile-card elementor-animation- text-center ekit-team-style-default\">\n\t\t\t\n\t\t\t\t<div class=\"profile-header ekit-team-img ekit-img-overlay ekit-team-img-block\" >\n\t\t\t\t\t<img decoding=\"async\" width=\"1024\" height=\"1024\" src=\"https:\/\/cmolivera.com\/wordpress\/wp-content\/uploads\/2026\/04\/Hombre-1024x1024.jpg\" class=\"attachment-large size-large wp-image-1731\" alt=\"\" srcset=\"https:\/\/cmolivera.com\/wordpress\/wp-content\/uploads\/2026\/04\/Hombre-1024x1024.jpg 1024w, https:\/\/cmolivera.com\/wordpress\/wp-content\/uploads\/2026\/04\/Hombre-300x300.jpg 300w, https:\/\/cmolivera.com\/wordpress\/wp-content\/uploads\/2026\/04\/Hombre-150x150.jpg 150w, https:\/\/cmolivera.com\/wordpress\/wp-content\/uploads\/2026\/04\/Hombre-768x768.jpg 768w, https:\/\/cmolivera.com\/wordpress\/wp-content\/uploads\/2026\/04\/Hombre-1536x1536.jpg 1536w, https:\/\/cmolivera.com\/wordpress\/wp-content\/uploads\/2026\/04\/Hombre-2048x2048.jpg 2048w\" sizes=\"(max-width: 1024px) 100vw, 1024px\" \/>\t\t\t\t<\/div><!-- .profile-header END -->\n\t\t\t\n\n\t\t\t\t<div class=\"profile-body\">\n\t\t\t\t\t\n\t\t\t\t\t<h2 class=\"profile-title\">\n\t\t\t\t\t\t\t\t\t\t\tMartinez Leandro\t\t\t\t\t\t\t\t\t\t<\/h2>\n\t\t\t\t\t<p class=\"profile-designation\">Radi\u00f3logo<\/p>\n\t\t\t\t\t\t\t\t\t<\/div><!-- .profile-body END -->\n\n\t\t\t\t\t\t\t\t<\/div>\n\t\t\t\t\t\t\t\n\t\t\t\n\t\t\t\t<\/div>\t\t\t\t<\/div>\n\t\t\t\t<\/div>\n\t\t\t\t<\/div>\n\t\t<div class=\"elementor-element elementor-element-4169565 e-con-full e-flex elementor-invisible e-con e-child\" data-id=\"4169565\" data-element_type=\"container\" data-e-type=\"container\" data-settings=\"{&quot;animation&quot;:&quot;fadeInUp&quot;,&quot;animation_delay&quot;:400}\">\n\t\t\t\t<div class=\"elementor-element elementor-element-b8c52e9 elementor-widget elementor-widget-elementskit-team\" data-id=\"b8c52e9\" data-element_type=\"widget\" data-e-type=\"widget\" data-widget_type=\"elementskit-team.default\">\n\t\t\t\t<div class=\"elementor-widget-container\">\n\t\t\t\t\t<div class=\"ekit-wid-con\">\t\t\t\t\t\t\t\t\n\t\t<div class=\"profile-card elementor-animation- text-center ekit-team-style-default\">\n\t\t\t\n\t\t\t\t<div class=\"profile-header ekit-team-img ekit-img-overlay ekit-team-img-block\" >\n\t\t\t\t\t<img fetchpriority=\"high\" decoding=\"async\" width=\"1024\" height=\"1024\" src=\"https:\/\/cmolivera.com\/wordpress\/wp-content\/uploads\/2026\/04\/Mujer-1024x1024.jpg\" class=\"attachment-large size-large wp-image-1729\" alt=\"\" srcset=\"https:\/\/cmolivera.com\/wordpress\/wp-content\/uploads\/2026\/04\/Mujer-1024x1024.jpg 1024w, https:\/\/cmolivera.com\/wordpress\/wp-content\/uploads\/2026\/04\/Mujer-300x300.jpg 300w, https:\/\/cmolivera.com\/wordpress\/wp-content\/uploads\/2026\/04\/Mujer-150x150.jpg 150w, https:\/\/cmolivera.com\/wordpress\/wp-content\/uploads\/2026\/04\/Mujer-768x768.jpg 768w, https:\/\/cmolivera.com\/wordpress\/wp-content\/uploads\/2026\/04\/Mujer-1536x1536.jpg 1536w, https:\/\/cmolivera.com\/wordpress\/wp-content\/uploads\/2026\/04\/Mujer-2048x2048.jpg 2048w\" sizes=\"(max-width: 1024px) 100vw, 1024px\" \/>\t\t\t\t<\/div><!-- .profile-header END -->\n\t\t\t\n\n\t\t\t\t<div class=\"profile-body\">\n\t\t\t\t\t\n\t\t\t\t\t<h2 class=\"profile-title\">\n\t\t\t\t\t\t\t\t\t\t\tPrado Sof\u00eda\t\t\t\t\t\t\t\t\t\t<\/h2>\n\t\t\t\t\t<p class=\"profile-designation\">Radi\u00f3loga<\/p>\n\t\t\t\t\t\t\t\t\t<\/div><!-- .profile-body END -->\n\n\t\t\t\t\t\t\t\t<\/div>\n\t\t\t\t\t\t\t\n\t\t\t\n\t\t\t\t<\/div>\t\t\t\t<\/div>\n\t\t\t\t<\/div>\n\t\t\t\t<\/div>\n\t\t<div class=\"elementor-element elementor-element-ac0e96e e-con-full e-flex elementor-invisible e-con e-child\" data-id=\"ac0e96e\" data-element_type=\"container\" data-e-type=\"container\" data-settings=\"{&quot;animation&quot;:&quot;fadeInUp&quot;,&quot;animation_delay&quot;:400}\">\n\t\t\t\t<div class=\"elementor-element elementor-element-5a776cd elementor-widget elementor-widget-elementskit-team\" data-id=\"5a776cd\" data-element_type=\"widget\" data-e-type=\"widget\" data-widget_type=\"elementskit-team.default\">\n\t\t\t\t<div class=\"elementor-widget-container\">\n\t\t\t\t\t<div class=\"ekit-wid-con\">\t\t\t\t\t\t\t\t\n\t\t<div class=\"profile-card elementor-animation- text-center ekit-team-style-default\">\n\t\t\t\n\t\t\t\t<div class=\"profile-header ekit-team-img ekit-img-overlay ekit-team-img-block\" >\n\t\t\t\t\t<img fetchpriority=\"high\" decoding=\"async\" width=\"1024\" height=\"1024\" src=\"https:\/\/cmolivera.com\/wordpress\/wp-content\/uploads\/2026\/04\/Mujer-1024x1024.jpg\" class=\"attachment-large size-large wp-image-1729\" alt=\"\" srcset=\"https:\/\/cmolivera.com\/wordpress\/wp-content\/uploads\/2026\/04\/Mujer-1024x1024.jpg 1024w, https:\/\/cmolivera.com\/wordpress\/wp-content\/uploads\/2026\/04\/Mujer-300x300.jpg 300w, https:\/\/cmolivera.com\/wordpress\/wp-content\/uploads\/2026\/04\/Mujer-150x150.jpg 150w, https:\/\/cmolivera.com\/wordpress\/wp-content\/uploads\/2026\/04\/Mujer-768x768.jpg 768w, https:\/\/cmolivera.com\/wordpress\/wp-content\/uploads\/2026\/04\/Mujer-1536x1536.jpg 1536w, https:\/\/cmolivera.com\/wordpress\/wp-content\/uploads\/2026\/04\/Mujer-2048x2048.jpg 2048w\" sizes=\"(max-width: 1024px) 100vw, 1024px\" \/>\t\t\t\t<\/div><!-- .profile-header END -->\n\t\t\t\n\n\t\t\t\t<div class=\"profile-body\">\n\t\t\t\t\t\n\t\t\t\t\t<h2 class=\"profile-title\">\n\t\t\t\t\t\t\t\t\t\t\tSpagnoulo Mara\t\t\t\t\t\t\t\t\t\t<\/h2>\n\t\t\t\t\t<p class=\"profile-designation\">Radi\u00f3loga<\/p>\n\t\t\t\t\t\t\t\t\t<\/div><!-- .profile-body END -->\n\n\t\t\t\t\t\t\t\t<\/div>\n\t\t\t\t\t\t\t\n\t\t\t\n\t\t\t\t<\/div>\t\t\t\t<\/div>\n\t\t\t\t<\/div>\n\t\t\t\t<\/div>\n\t\t<div class=\"elementor-element elementor-element-ba1eaa0 e-con-full e-flex elementor-invisible e-con e-child\" data-id=\"ba1eaa0\" data-element_type=\"container\" data-e-type=\"container\" data-settings=\"{&quot;animation&quot;:&quot;fadeInUp&quot;,&quot;animation_delay&quot;:400}\">\n\t\t\t\t<div class=\"elementor-element elementor-element-335dd6a elementor-widget elementor-widget-elementskit-team\" data-id=\"335dd6a\" data-element_type=\"widget\" data-e-type=\"widget\" data-widget_type=\"elementskit-team.default\">\n\t\t\t\t<div class=\"elementor-widget-container\">\n\t\t\t\t\t<div class=\"ekit-wid-con\">\t\t\t\t\t\t\t\t\n\t\t<div class=\"profile-card elementor-animation- text-center ekit-team-style-default\">\n\t\t\t\n\t\t\t\t<div class=\"profile-header ekit-team-img ekit-img-overlay ekit-team-img-block\" >\n\t\t\t\t\t<img decoding=\"async\" width=\"1024\" height=\"1024\" src=\"https:\/\/cmolivera.com\/wordpress\/wp-content\/uploads\/2026\/04\/Hombre-1024x1024.jpg\" class=\"attachment-large size-large wp-image-1731\" alt=\"\" srcset=\"https:\/\/cmolivera.com\/wordpress\/wp-content\/uploads\/2026\/04\/Hombre-1024x1024.jpg 1024w, https:\/\/cmolivera.com\/wordpress\/wp-content\/uploads\/2026\/04\/Hombre-300x300.jpg 300w, https:\/\/cmolivera.com\/wordpress\/wp-content\/uploads\/2026\/04\/Hombre-150x150.jpg 150w, https:\/\/cmolivera.com\/wordpress\/wp-content\/uploads\/2026\/04\/Hombre-768x768.jpg 768w, https:\/\/cmolivera.com\/wordpress\/wp-content\/uploads\/2026\/04\/Hombre-1536x1536.jpg 1536w, https:\/\/cmolivera.com\/wordpress\/wp-content\/uploads\/2026\/04\/Hombre-2048x2048.jpg 2048w\" sizes=\"(max-width: 1024px) 100vw, 1024px\" \/>\t\t\t\t<\/div><!-- .profile-header END -->\n\t\t\t\n\n\t\t\t\t<div class=\"profile-body\">\n\t\t\t\t\t\n\t\t\t\t\t<h2 class=\"profile-title\">\n\t\t\t\t\t\t\t\t\t\t\tVillarruel Ezequiel\t\t\t\t\t\t\t\t\t\t<\/h2>\n\t\t\t\t\t<p class=\"profile-designation\">Radi\u00f3logo<\/p>\n\t\t\t\t\t\t\t\t\t<\/div><!-- .profile-body END -->\n\n\t\t\t\t\t\t\t\t<\/div>\n\t\t\t\t\t\t\t\n\t\t\t\n\t\t\t\t<\/div>\t\t\t\t<\/div>\n\t\t\t\t<\/div>\n\t\t\t\t<\/div>\n\t\t\t\t<\/div>\n\t\t\t\t<\/div>\n\t\t\t\t\t<\/div>\n\t\t\t\t<\/div>\n\t\t\t\t<\/div>\n\t\t","protected":false},"excerpt":{"rendered":"<p>Staff M\u00e9dico Diagn\u00f3stico por im\u00e1genes Agosta Mariana Radi\u00f3loga Aloy Susana Radi\u00f3loga Ferrari Mar\u00eda Laura Radi\u00f3loga Hinojosa Karen Radi\u00f3loga Lopez Rodrigo [&hellip;]<\/p>\n","protected":false},"author":3,"featured_media":0,"parent":0,"menu_order":0,"comment_status":"closed","ping_status":"closed","template":"","meta":{"site-sidebar-layout":"no-sidebar","site-content-layout":"","ast-site-content-layout":"full-width-container","site-content-style":"default","site-sidebar-style":"default","ast-global-header-display":"","ast-banner-title-visibility":"","ast-main-header-display":"","ast-hfb-above-header-display":"","ast-hfb-below-header-display":"","ast-hfb-mobile-header-display":"","site-post-title":"disabled","ast-breadcrumbs-content":"","ast-featured-img":"disabled","footer-sml-layout":"","ast-disable-related-posts":"","theme-transparent-header-meta":"default","adv-header-id-meta":"","stick-header-meta":"","header-above-stick-meta":"","header-main-stick-meta":"","header-below-stick-meta":"","astra-migrate-meta-layouts":"set","ast-page-background-enabled":"default","ast-page-background-meta":{"desktop":{"background-color":"var(--ast-global-color-5)","background-image":"","background-repeat":"repeat","background-position":"center center","background-size":"auto","background-attachment":"scroll","background-type":"","background-media":"","overlay-type":"","overlay-color":"","overlay-opacity":"","overlay-gradient":""},"tablet":{"background-color":"","background-image":"","background-repeat":"repeat","background-position":"center center","background-size":"auto","background-attachment":"scroll","background-type":"","background-media":"","overlay-type":"","overlay-color":"","overlay-opacity":"","overlay-gradient":""},"mobile":{"background-color":"","background-image":"","background-repeat":"repeat","background-position":"center center","background-size":"auto","background-attachment":"scroll","background-type":"","background-media":"","overlay-type":"","overlay-color":"","overlay-opacity":"","overlay-gradient":""}},"ast-content-background-meta":{"desktop":{"background-color":"var(--ast-global-color-4)","background-image":"","background-repeat":"repeat","background-position":"center center","background-size":"auto","background-attachment":"scroll","background-type":"","background-media":"","overlay-type":"","overlay-color":"","overlay-opacity":"","overlay-gradient":""},"tablet":{"background-color":"var(--ast-global-color-4)","background-image":"","background-repeat":"repeat","background-position":"center center","background-size":"auto","background-attachment":"scroll","background-type":"","background-media":"","overlay-type":"","overlay-color":"","overlay-opacity":"","overlay-gradient":""},"mobile":{"background-color":"var(--ast-global-color-4)","background-image":"","background-repeat":"repeat","background-position":"center center","background-size":"auto","background-attachment":"scroll","background-type":"","background-media":"","overlay-type":"","overlay-color":"","overlay-opacity":"","overlay-gradient":""}},"footnotes":""},"class_list":["post-1855","page","type-page","status-publish","hentry"],"_links":{"self":[{"href":"https:\/\/cmolivera.com\/wordpress\/wp-json\/wp\/v2\/pages\/1855","targetHints":{"allow":["GET"]}}],"collection":[{"href":"https:\/\/cmolivera.com\/wordpress\/wp-json\/wp\/v2\/pages"}],"about":[{"href":"https:\/\/cmolivera.com\/wordpress\/wp-json\/wp\/v2\/types\/page"}],"author":[{"embeddable":true,"href":"https:\/\/cmolivera.com\/wordpress\/wp-json\/wp\/v2\/users\/3"}],"replies":[{"embeddable":true,"href":"https:\/\/cmolivera.com\/wordpress\/wp-json\/wp\/v2\/comments?post=1855"}],"version-history":[{"count":10,"href":"https:\/\/cmolivera.com\/wordpress\/wp-json\/wp\/v2\/pages\/1855\/revisions"}],"predecessor-version":[{"id":2023,"href":"https:\/\/cmolivera.com\/wordpress\/wp-json\/wp\/v2\/pages\/1855\/revisions\/2023"}],"wp:attachment":[{"href":"https:\/\/cmolivera.com\/wordpress\/wp-json\/wp\/v2\/media?parent=1855"}],"curies":[{"name":"wp","href":"https:\/\/api.w.org\/{rel}","templated":true}]}}